{"id":4559,"date":"2016-06-29T13:54:02","date_gmt":"2016-06-29T13:54:02","guid":{"rendered":"http:\/\/8theme.com\/import\/xstore\/versions\/?page_id=4559"},"modified":"2020-07-30T20:53:37","modified_gmt":"2020-07-30T17:53:37","slug":"coming-soon-black","status":"publish","type":"page","link":"https:\/\/suaktivitesicihazi.com\/index.php\/coming-soon-black\/","title":{"rendered":"Home coming-soon-dark"},"content":{"rendered":"<p>[vc_row full_width=&#8221;stretch_row&#8221; full_height=&#8221;yes&#8221; css=&#8221;.vc_custom_1467208292724{background-image: url(http:\/\/8theme.com\/import\/xstore\/versions\/wp-content\/uploads\/sites\/2\/2016\/06\/coming-soon-black.jpg?id=4561) !important;background-position: center !important;background-repeat: no-repeat !important;background-size: cover !important;}&#8221; el_class=&#8221;text-center&#8221;][vc_column css=&#8221;.vc_custom_1466067977370{padding-top: 0px !important;}&#8221;][vc_row_inner css=&#8221;.vc_custom_1466068364907{margin-top: 20px !important;padding-bottom: 15vh !important;}&#8221;][vc_column_inner width=&#8221;1\/4&#8243; offset=&#8221;vc_hidden-xs&#8221;][\/vc_column_inner][vc_column_inner width=&#8221;1\/2&#8243; css=&#8221;.vc_custom_1466067983154{padding-top: 0px !important;padding-right: 15% !important;padding-left: 15% !important;}&#8221;][\/vc_column_inner][vc_column_inner width=&#8221;1\/4&#8243; offset=&#8221;vc_hidden-xs&#8221;][\/vc_column_inner][\/vc_row_inner][vc_row_inner][vc_column_inner offset=&#8221;vc_hidden-xs&#8221;][vc_custom_heading text=&#8221;\u00c7OK YAKINDA S\u0130Z\u0130NLEY\u0130Z&#8221; font_container=&#8221;tag:h2|font_size:80|text_align:center|color:%23ffffff|line_height:80px&#8221; google_fonts=&#8221;font_family:Lato%3A100%2C100italic%2C300%2C300italic%2Cregular%2Citalic%2C700%2C700italic%2C900%2C900italic|font_style:900%20bold%20regular%3A900%3Anormal&#8221; css=&#8221;.vc_custom_1596131542766{margin-bottom: 35px !important;}&#8221;][\/vc_column_inner][\/vc_row_inner][vc_row_inner][vc_column_inner offset=&#8221;vc_hidden-lg vc_hidden-md vc_hidden-sm&#8221;][vc_custom_heading text=&#8221;\u00c7OK YAKINDA S\u0130Z\u0130NLEY\u0130Z&#8221; font_container=&#8221;tag:h2|font_size:35px|text_align:center|color:%23ffffff|line_height:40px&#8221; google_fonts=&#8221;font_family:Lato%3A100%2C100italic%2C300%2C300italic%2Cregular%2Citalic%2C700%2C700italic%2C900%2C900italic|font_style:900%20bold%20regular%3A900%3Anormal&#8221; css=&#8221;.vc_custom_1596131553800{margin-bottom: 35px !important;}&#8221;][\/vc_column_inner][\/vc_row_inner][vc_row_inner][vc_column_inner width=&#8221;1\/6&#8243; offset=&#8221;vc_hidden-xs&#8221;][\/vc_column_inner][vc_column_inner width=&#8221;2\/3&#8243; css=&#8221;.vc_custom_1466068466850{padding-top: 0px !important;}&#8221; offset=&#8221;vc_hidden-xs&#8221;][vc_column_text]<\/p>\n<p style=\"color: #808080; text-align: center;\">Yenilenen sitemiz ile \u00e7ok yak\u0131nda hizmet vermeye ba\u015flayaca\u011f\u0131z sabr\u0131n\u0131z i\u00e7in te\u015fekk\u00fcrler<\/p>\n<p>[\/vc_column_text][\/vc_column_inner][vc_column_inner width=&#8221;1\/6&#8243; offset=&#8221;vc_hidden-xs&#8221;][\/vc_column_inner][\/vc_row_inner]\n\t\t<div class=\"et-timer  white type1\" data-final=\"9 August 2020 10:16\" data-start=\"\">\n\t\t\t<div class=\"timer-info\"><\/div>\n\t\t\t<div class=\"time-block\">\n\t\t\t\t<div class=\"circle-box\">\n\t\t\t\t\t<svg xmlns=\"http:\/\/www.w3.org\/2000\/svg\" preserveAspectRatio=\"none\" viewBox=\"0 0 100 100\" version=\"1.1\" height=\"100%\" width=\"100%\">\n\t\t\t\t\t\t<circle r=\"47\" cx=\"50\" cy=\"50\" fill=\"transparent\" stroke-dasharray=\"295.3097094374406\" stroke-dashoffset=\"0\" data-max-val=\"365\" style=\"stroke-dashoffset: 0px;\"><\/circle>\n\t\t\t\t\t<\/svg>\n\t\t\t\t<\/div>\n\t\t\t\t<span class=\"days timer-count\">0<\/span>\n\t\t\t\t<span>days<\/span>\n\t\t\t<\/div>\n\t\t\t<div class=\"time-block\">\n\t\t\t\t<div class=\"circle-box\">\n\t\t\t\t\t<svg xmlns=\"http:\/\/www.w3.org\/2000\/svg\" preserveAspectRatio=\"none\" viewBox=\"0 0 100 100\" version=\"1.1\" height=\"100%\" width=\"100%\">\n\t\t\t\t\t\t<circle r=\"47\" cx=\"50\" cy=\"50\" fill=\"transparent\" stroke-dasharray=\"295.3097094374406\" stroke-dashoffset=\"0\" data-max-val=\"24\" style=\"stroke-dashoffset: 0px;\"><\/circle>\n\t\t\t\t\t<\/svg>\n\t\t\t\t<\/div>\n\t\t\t\t<span class=\"hours timer-count\">0<\/span>\n\t\t\t\t<span>hours<\/span>\n\t\t\t<\/div>\n\t\t\t<div class=\"time-block\">\n\t\t\t\t<div class=\"circle-box\">\n\t\t\t\t\t<svg xmlns=\"http:\/\/www.w3.org\/2000\/svg\" preserveAspectRatio=\"none\" viewBox=\"0 0 100 100\" version=\"1.1\" height=\"100%\" width=\"100%\">\n\t\t\t\t\t\t<circle r=\"47\" cx=\"50\" cy=\"50\" fill=\"transparent\" stroke-dasharray=\"295.3097094374406\" stroke-dashoffset=\"0\" data-max-val=\"60\" style=\"stroke-dashoffset: 0px;\"><\/circle>\n\t\t\t\t\t<\/svg>\n\t\t\t\t<\/div>\n\t\t\t\t<span class=\"minutes timer-count\">0<\/span>\n\t\t\t\t<span>mins<\/span>\n\t\t\t<\/div>\n\t\t\t<div class=\"time-block\">\n\t\t\t\t<div class=\"circle-box\">\n\t\t\t\t\t<svg xmlns=\"http:\/\/www.w3.org\/2000\/svg\" preserveAspectRatio=\"none\" viewBox=\"0 0 100 100\" version=\"1.1\" height=\"100%\" width=\"100%\">\n\t\t\t\t\t\t<circle r=\"47\" cx=\"50\" cy=\"50\" fill=\"transparent\" stroke-dasharray=\"295.3097094374406\" stroke-dashoffset=\"0\" data-max-val=\"60\" style=\"stroke-dashoffset: 0px;\"><\/circle>\n\t\t\t\t\t<\/svg>\n\t\t\t\t<\/div>\n\t\t\t\t<span class=\"seconds timer-count\">0<\/span>\n\t\t\t\t<span>secs<\/span>\n\t\t\t<\/div>\n\t\t<\/div>\n\t\n\t\t[vc_column_text css=&#8221;.vc_custom_1466068375278{margin-bottom: 20px !important;padding-top: 15vh !important;}&#8221;]<\/p>\n<p style=\"text-align: center;\"><span style=\"color: #ffffff;\">\u00a9 Created by <strong>8theme<\/strong> &#8211; Power Elite ThemeForest Author.<\/span><\/p>\n<p>[\/vc_column_text][\/vc_column][\/vc_row]<\/p>\n","protected":false},"excerpt":{"rendered":"<p>[vc_row full_width=&#8221;stretch_row&#8221; full_height=&#8221;yes&#8221; css=&#8221;.vc_custom_1467208292724{background-image: url(http:\/\/8theme.com\/import\/xstore\/versions\/wp-content\/uploads\/sites\/2\/2016\/06\/coming-soon-black.jpg?id=4561) !important;background-position: center !important;background-repeat: no-repeat !important;background-size: cover !important;}&#8221; el_class=&#8221;text-center&#8221;][vc_column css=&#8221;.vc_custom_1466067977370{padding-top: 0px !important;}&#8221;][vc_row_inner css=&#8221;.vc_custom_1466068364907{margin-top: 20px !important;padding-bottom: 15vh !important;}&#8221;][vc_column_inner width=&#8221;1\/4&#8243; offset=&#8221;vc_hidden-xs&#8221;][\/vc_column_inner][vc_column_inner width=&#8221;1\/2&#8243; css=&#8221;.vc_custom_1466067983154{padding-top:&#8230;<\/p>\n","protected":false},"author":1,"featured_media":0,"parent":0,"menu_order":0,"comment_status":"closed","ping_status":"closed","template":"blank.php","meta":[],"yoast_head":"<!-- This site is optimized with the Yoast SEO plugin v19.4 - https:\/\/yoast.com\/wordpress\/plugins\/seo\/ -->\n<title>Home coming-soon-dark - Su Aktivitesi Cihaz\u0131 Raf \u00d6mr\u00fc Tayini Water Activity Shelf Life<\/title>\n<meta name=\"robots\" content=\"index, follow, max-snippet:-1, max-image-preview:large, max-video-preview:-1\" \/>\n<link rel=\"canonical\" href=\"https:\/\/suaktivitesicihazi.com\/index.php\/coming-soon-black\/\" \/>\n<meta property=\"og:locale\" content=\"tr_TR\" \/>\n<meta property=\"og:type\" content=\"article\" \/>\n<meta property=\"og:title\" content=\"Home coming-soon-dark - Su Aktivitesi Cihaz\u0131 Raf \u00d6mr\u00fc Tayini Water Activity Shelf Life\" \/>\n<meta property=\"og:description\" content=\"[vc_row full_width=&#8221;stretch_row&#8221; full_height=&#8221;yes&#8221; css=&#8221;.vc_custom_1467208292724{background-image: url(http:\/\/8theme.com\/import\/xstore\/versions\/wp-content\/uploads\/sites\/2\/2016\/06\/coming-soon-black.jpg?id=4561) !important;background-position: center !important;background-repeat: no-repeat !important;background-size: cover !important;}&#8221; el_class=&#8221;text-center&#8221;][vc_column css=&#8221;.vc_custom_1466067977370{padding-top: 0px !important;}&#8221;][vc_row_inner css=&#8221;.vc_custom_1466068364907{margin-top: 20px !important;padding-bottom: 15vh !important;}&#8221;][vc_column_inner width=&#8221;1\/4&#8243; offset=&#8221;vc_hidden-xs&#8221;][\/vc_column_inner][vc_column_inner width=&#8221;1\/2&#8243; css=&#8221;.vc_custom_1466067983154{padding-top:...\" \/>\n<meta property=\"og:url\" content=\"https:\/\/suaktivitesicihazi.com\/index.php\/coming-soon-black\/\" \/>\n<meta property=\"og:site_name\" content=\"Su Aktivitesi Cihaz\u0131 Raf \u00d6mr\u00fc Tayini Water Activity Shelf Life\" \/>\n<meta property=\"article:publisher\" content=\"https:\/\/www.facebook.com\/srmanalitikcom\" \/>\n<meta property=\"article:modified_time\" content=\"2020-07-30T17:53:37+00:00\" \/>\n<meta name=\"twitter:card\" content=\"summary_large_image\" \/>\n<meta name=\"twitter:site\" content=\"@srmanalitik\" \/>\n<meta name=\"twitter:label1\" content=\"Tahmini okuma s\u00fcresi\" \/>\n\t<meta name=\"twitter:data1\" content=\"2 dakika\" \/>\n<script type=\"application\/ld+json\" class=\"yoast-schema-graph\">{\"@context\":\"https:\/\/schema.org\",\"@graph\":[{\"@type\":\"Organization\",\"@id\":\"https:\/\/suaktivitesicihazi.com\/#organization\",\"name\":\"www.srmanalitik.com\",\"url\":\"https:\/\/suaktivitesicihazi.com\/\",\"sameAs\":[\"https:\/\/www.youtube.com\/channel\/UCId-2S_FAM4eiCY6L3nxr7g\",\"https:\/\/www.linkedin.com\/company\/42759358\/admin\/\",\"https:\/\/www.instagram.com\/srmanalitiktr\/\",\"https:\/\/www.facebook.com\/srmanalitikcom\",\"https:\/\/twitter.com\/srmanalitik\"],\"logo\":{\"@type\":\"ImageObject\",\"inLanguage\":\"tr\",\"@id\":\"https:\/\/suaktivitesicihazi.com\/#\/schema\/logo\/image\/\",\"url\":\"https:\/\/suaktivitesicihazi.com\/wp-content\/uploads\/2020\/08\/Euro-msg-logo.png\",\"contentUrl\":\"https:\/\/suaktivitesicihazi.com\/wp-content\/uploads\/2020\/08\/Euro-msg-logo.png\",\"width\":313,\"height\":97,\"caption\":\"www.srmanalitik.com\"},\"image\":{\"@id\":\"https:\/\/suaktivitesicihazi.com\/#\/schema\/logo\/image\/\"}},{\"@type\":\"WebSite\",\"@id\":\"https:\/\/suaktivitesicihazi.com\/#website\",\"url\":\"https:\/\/suaktivitesicihazi.com\/\",\"name\":\"Su Aktivitesi Cihaz\u0131 Raf \u00d6mr\u00fc Tayini Water Activity Shelf Life\",\"description\":\"Su Aktivitesi Cihaz\u0131 Raf \u00d6mr\u00fc Tayini Water Activity Shelf Life\",\"publisher\":{\"@id\":\"https:\/\/suaktivitesicihazi.com\/#organization\"},\"potentialAction\":[{\"@type\":\"SearchAction\",\"target\":{\"@type\":\"EntryPoint\",\"urlTemplate\":\"https:\/\/suaktivitesicihazi.com\/?s={search_term_string}\"},\"query-input\":\"required name=search_term_string\"}],\"inLanguage\":\"tr\"},{\"@type\":\"WebPage\",\"@id\":\"https:\/\/suaktivitesicihazi.com\/index.php\/coming-soon-black\/\",\"url\":\"https:\/\/suaktivitesicihazi.com\/index.php\/coming-soon-black\/\",\"name\":\"Home coming-soon-dark - Su Aktivitesi Cihaz\u0131 Raf \u00d6mr\u00fc Tayini Water Activity Shelf Life\",\"isPartOf\":{\"@id\":\"https:\/\/suaktivitesicihazi.com\/#website\"},\"datePublished\":\"2016-06-29T13:54:02+00:00\",\"dateModified\":\"2020-07-30T17:53:37+00:00\",\"breadcrumb\":{\"@id\":\"https:\/\/suaktivitesicihazi.com\/index.php\/coming-soon-black\/#breadcrumb\"},\"inLanguage\":\"tr\",\"potentialAction\":[{\"@type\":\"ReadAction\",\"target\":[\"https:\/\/suaktivitesicihazi.com\/index.php\/coming-soon-black\/\"]}]},{\"@type\":\"BreadcrumbList\",\"@id\":\"https:\/\/suaktivitesicihazi.com\/index.php\/coming-soon-black\/#breadcrumb\",\"itemListElement\":[{\"@type\":\"ListItem\",\"position\":1,\"name\":\"Anasayfa\",\"item\":\"https:\/\/suaktivitesicihazi.com\/\"},{\"@type\":\"ListItem\",\"position\":2,\"name\":\"Home coming-soon-dark\"}]}]}<\/script>\n<!-- \/ Yoast SEO plugin. -->","yoast_head_json":{"title":"Home coming-soon-dark - Su Aktivitesi Cihaz\u0131 Raf \u00d6mr\u00fc Tayini Water Activity Shelf Life","robots":{"index":"index","follow":"follow","max-snippet":"max-snippet:-1","max-image-preview":"max-image-preview:large","max-video-preview":"max-video-preview:-1"},"canonical":"https:\/\/suaktivitesicihazi.com\/index.php\/coming-soon-black\/","og_locale":"tr_TR","og_type":"article","og_title":"Home coming-soon-dark - Su Aktivitesi Cihaz\u0131 Raf \u00d6mr\u00fc Tayini Water Activity Shelf Life","og_description":"[vc_row full_width=&#8221;stretch_row&#8221; full_height=&#8221;yes&#8221; css=&#8221;.vc_custom_1467208292724{background-image: url(http:\/\/8theme.com\/import\/xstore\/versions\/wp-content\/uploads\/sites\/2\/2016\/06\/coming-soon-black.jpg?id=4561) !important;background-position: center !important;background-repeat: no-repeat !important;background-size: cover !important;}&#8221; el_class=&#8221;text-center&#8221;][vc_column css=&#8221;.vc_custom_1466067977370{padding-top: 0px !important;}&#8221;][vc_row_inner css=&#8221;.vc_custom_1466068364907{margin-top: 20px !important;padding-bottom: 15vh !important;}&#8221;][vc_column_inner width=&#8221;1\/4&#8243; offset=&#8221;vc_hidden-xs&#8221;][\/vc_column_inner][vc_column_inner width=&#8221;1\/2&#8243; css=&#8221;.vc_custom_1466067983154{padding-top:...","og_url":"https:\/\/suaktivitesicihazi.com\/index.php\/coming-soon-black\/","og_site_name":"Su Aktivitesi Cihaz\u0131 Raf \u00d6mr\u00fc Tayini Water Activity Shelf Life","article_publisher":"https:\/\/www.facebook.com\/srmanalitikcom","article_modified_time":"2020-07-30T17:53:37+00:00","twitter_card":"summary_large_image","twitter_site":"@srmanalitik","twitter_misc":{"Tahmini okuma s\u00fcresi":"2 dakika"},"schema":{"@context":"https:\/\/schema.org","@graph":[{"@type":"Organization","@id":"https:\/\/suaktivitesicihazi.com\/#organization","name":"www.srmanalitik.com","url":"https:\/\/suaktivitesicihazi.com\/","sameAs":["https:\/\/www.youtube.com\/channel\/UCId-2S_FAM4eiCY6L3nxr7g","https:\/\/www.linkedin.com\/company\/42759358\/admin\/","https:\/\/www.instagram.com\/srmanalitiktr\/","https:\/\/www.facebook.com\/srmanalitikcom","https:\/\/twitter.com\/srmanalitik"],"logo":{"@type":"ImageObject","inLanguage":"tr","@id":"https:\/\/suaktivitesicihazi.com\/#\/schema\/logo\/image\/","url":"https:\/\/suaktivitesicihazi.com\/wp-content\/uploads\/2020\/08\/Euro-msg-logo.png","contentUrl":"https:\/\/suaktivitesicihazi.com\/wp-content\/uploads\/2020\/08\/Euro-msg-logo.png","width":313,"height":97,"caption":"www.srmanalitik.com"},"image":{"@id":"https:\/\/suaktivitesicihazi.com\/#\/schema\/logo\/image\/"}},{"@type":"WebSite","@id":"https:\/\/suaktivitesicihazi.com\/#website","url":"https:\/\/suaktivitesicihazi.com\/","name":"Su Aktivitesi Cihaz\u0131 Raf \u00d6mr\u00fc Tayini Water Activity Shelf Life","description":"Su Aktivitesi Cihaz\u0131 Raf \u00d6mr\u00fc Tayini Water Activity Shelf Life","publisher":{"@id":"https:\/\/suaktivitesicihazi.com\/#organization"},"potentialAction":[{"@type":"SearchAction","target":{"@type":"EntryPoint","urlTemplate":"https:\/\/suaktivitesicihazi.com\/?s={search_term_string}"},"query-input":"required name=search_term_string"}],"inLanguage":"tr"},{"@type":"WebPage","@id":"https:\/\/suaktivitesicihazi.com\/index.php\/coming-soon-black\/","url":"https:\/\/suaktivitesicihazi.com\/index.php\/coming-soon-black\/","name":"Home coming-soon-dark - Su Aktivitesi Cihaz\u0131 Raf \u00d6mr\u00fc Tayini Water Activity Shelf Life","isPartOf":{"@id":"https:\/\/suaktivitesicihazi.com\/#website"},"datePublished":"2016-06-29T13:54:02+00:00","dateModified":"2020-07-30T17:53:37+00:00","breadcrumb":{"@id":"https:\/\/suaktivitesicihazi.com\/index.php\/coming-soon-black\/#breadcrumb"},"inLanguage":"tr","potentialAction":[{"@type":"ReadAction","target":["https:\/\/suaktivitesicihazi.com\/index.php\/coming-soon-black\/"]}]},{"@type":"BreadcrumbList","@id":"https:\/\/suaktivitesicihazi.com\/index.php\/coming-soon-black\/#breadcrumb","itemListElement":[{"@type":"ListItem","position":1,"name":"Anasayfa","item":"https:\/\/suaktivitesicihazi.com\/"},{"@type":"ListItem","position":2,"name":"Home coming-soon-dark"}]}]}},"_links":{"self":[{"href":"https:\/\/suaktivitesicihazi.com\/index.php\/wp-json\/wp\/v2\/pages\/4559"}],"collection":[{"href":"https:\/\/suaktivitesicihazi.com\/index.php\/wp-json\/wp\/v2\/pages"}],"about":[{"href":"https:\/\/suaktivitesicihazi.com\/index.php\/wp-json\/wp\/v2\/types\/page"}],"author":[{"embeddable":true,"href":"https:\/\/suaktivitesicihazi.com\/index.php\/wp-json\/wp\/v2\/users\/1"}],"replies":[{"embeddable":true,"href":"https:\/\/suaktivitesicihazi.com\/index.php\/wp-json\/wp\/v2\/comments?post=4559"}],"version-history":[{"count":2,"href":"https:\/\/suaktivitesicihazi.com\/index.php\/wp-json\/wp\/v2\/pages\/4559\/revisions"}],"predecessor-version":[{"id":4569,"href":"https:\/\/suaktivitesicihazi.com\/index.php\/wp-json\/wp\/v2\/pages\/4559\/revisions\/4569"}],"wp:attachment":[{"href":"https:\/\/suaktivitesicihazi.com\/index.php\/wp-json\/wp\/v2\/media?parent=4559"}],"curies":[{"name":"wp","href":"https:\/\/api.w.org\/{rel}","templated":true}]}}